{"id":13,"date":"2025-03-19T09:41:35","date_gmt":"2025-03-19T09:41:35","guid":{"rendered":"https:\/\/archsoftwares.com\/caylos\/?page_id=13"},"modified":"2025-06-02T03:50:00","modified_gmt":"2025-06-02T03:50:00","slug":"restaurants","status":"publish","type":"page","link":"https:\/\/caylos.com\/nn\/restaurants\/","title":{"rendered":"Restauranter"},"content":{"rendered":"<div data-elementor-type=\"wp-page\" data-elementor-id=\"13\" class=\"elementor elementor-13\" data-elementor-post-type=\"page\">\n\t\t\t\t<div class=\"elementor-element elementor-element-31a3825 e-flex e-con-boxed e-con e-parent\" data-id=\"31a3825\" data-element_type=\"container\">\n\t\t\t\t\t<div class=\"e-con-inner\">\n\t\t\t\t<div class=\"elementor-element elementor-element-cf21b96 elementor-widget elementor-widget-heading\" data-id=\"cf21b96\" data-element_type=\"widget\" data-widget_type=\"heading.default\">\n\t\t\t\t<div class=\"elementor-widget-container\">\n\t\t\t\t\t<h1 class=\"elementor-heading-title elementor-size-default\">Locations<\/h1>\t\t\t\t<\/div>\n\t\t\t\t<\/div>\n\t\t\t\t\t<\/div>\n\t\t\t\t<\/div>\n\t\t<div class=\"elementor-element elementor-element-48b0fc1 e-flex e-con-boxed e-con e-parent\" data-id=\"48b0fc1\" data-element_type=\"container\">\n\t\t\t\t\t<div class=\"e-con-inner\">\n\t\t<div class=\"elementor-element elementor-element-ea44bac e-con-full restaurant-box e-flex e-con e-child\" data-id=\"ea44bac\" data-element_type=\"container\">\n\t\t\t\t<div class=\"elementor-element elementor-element-d216f43 elementor-view-framed elementor-shape-circle elementor-position-top elementor-mobile-position-top elementor-widget elementor-widget-icon-box\" data-id=\"d216f43\" data-element_type=\"widget\" data-widget_type=\"icon-box.default\">\n\t\t\t\t<div class=\"elementor-widget-container\">\n\t\t\t\t\t\t\t<div class=\"elementor-icon-box-wrapper\">\n\n\t\t\t\t\t\t<div class=\"elementor-icon-box-icon\">\n\t\t\t\t<a href=\"https:\/\/www.google.com\/maps\/place\/Caylos+Fried+Chicken+Drammen\/@59.7395901,10.1981347,17z\/data=!3m1!4b1!4m6!3m5!1s0x464123001a70a997:0x3980e107069ee772!8m2!3d59.7395901!4d10.1981347!16s%2Fg%2F11vm1m3xbv?sa=X&#038;ved=1t:8290&#038;ictx=111&#038;entry=tts&#038;g_ep=EgoyMDI0MDczMS4wKgBIAVAD\" target=\"_blank\" class=\"elementor-icon\" tabindex=\"-1\" aria-label=\"Caylos Drammen\">\n\t\t\t\t<svg aria-hidden=\"true\" class=\"e-font-icon-svg e-fas-location-arrow\" viewbox=\"0 0 512 512\" xmlns=\"http:\/\/www.w3.org\/2000\/svg\"><path d=\"M444.52 3.52L28.74 195.42c-47.97 22.39-31.98 92.75 19.19 92.75h175.91v175.91c0 51.17 70.36 67.17 92.75 19.19l191.9-415.78c15.99-38.39-25.59-79.97-63.97-63.97z\"><\/path><\/svg>\t\t\t\t<\/a>\n\t\t\t<\/div>\n\t\t\t\n\t\t\t\t\t\t<div class=\"elementor-icon-box-content\">\n\n\t\t\t\t\t\t\t\t\t<h3 class=\"elementor-icon-box-title\">\n\t\t\t\t\t\t<a href=\"https:\/\/www.google.com\/maps\/place\/Caylos+Fried+Chicken+Drammen\/@59.7395901,10.1981347,17z\/data=!3m1!4b1!4m6!3m5!1s0x464123001a70a997:0x3980e107069ee772!8m2!3d59.7395901!4d10.1981347!16s%2Fg%2F11vm1m3xbv?sa=X&#038;ved=1t:8290&#038;ictx=111&#038;entry=tts&#038;g_ep=EgoyMDI0MDczMS4wKgBIAVAD\" target=\"_blank\" >\n\t\t\t\t\t\t\tCaylos Drammen\t\t\t\t\t\t<\/a>\n\t\t\t\t\t<\/h3>\n\t\t\t\t\n\t\t\t\t\t\t\t\t\t<p class=\"elementor-icon-box-description\">\n\t\t\t\t\t\tGriffenfeldsgate 3<br>\n3045 Drammen<br>\n<b>411 96 000<\/b><br>\n<a href=\"https:\/\/caylosdrammen.agiorder.no\/\"><button><b>Order Now<\/b><\/button><\/a>\t\t\t\t\t<\/p>\n\t\t\t\t\n\t\t\t<\/div>\n\t\t\t\n\t\t<\/div>\n\t\t\t\t\t\t<\/div>\n\t\t\t\t<\/div>\n\t\t\t\t<\/div>\n\t\t<div class=\"elementor-element elementor-element-184346a e-con-full restaurant-box e-flex e-con e-child\" data-id=\"184346a\" data-element_type=\"container\">\n\t\t\t\t<div class=\"elementor-element elementor-element-9739bb8 elementor-view-framed elementor-shape-circle elementor-position-top elementor-mobile-position-top elementor-widget elementor-widget-icon-box\" data-id=\"9739bb8\" data-element_type=\"widget\" data-widget_type=\"icon-box.default\">\n\t\t\t\t<div class=\"elementor-widget-container\">\n\t\t\t\t\t\t\t<div class=\"elementor-icon-box-wrapper\">\n\n\t\t\t\t\t\t<div class=\"elementor-icon-box-icon\">\n\t\t\t\t<a href=\"https:\/\/maps.app.goo.gl\/PM4Y3QjAk2vPBbsB6\" class=\"elementor-icon\" tabindex=\"-1\" aria-label=\"Caylos T\u00f8nsberg\">\n\t\t\t\t<svg aria-hidden=\"true\" class=\"e-font-icon-svg e-fas-location-arrow\" viewbox=\"0 0 512 512\" xmlns=\"http:\/\/www.w3.org\/2000\/svg\"><path d=\"M444.52 3.52L28.74 195.42c-47.97 22.39-31.98 92.75 19.19 92.75h175.91v175.91c0 51.17 70.36 67.17 92.75 19.19l191.9-415.78c15.99-38.39-25.59-79.97-63.97-63.97z\"><\/path><\/svg>\t\t\t\t<\/a>\n\t\t\t<\/div>\n\t\t\t\n\t\t\t\t\t\t<div class=\"elementor-icon-box-content\">\n\n\t\t\t\t\t\t\t\t\t<h3 class=\"elementor-icon-box-title\">\n\t\t\t\t\t\t<a href=\"https:\/\/maps.app.goo.gl\/PM4Y3QjAk2vPBbsB6\" >\n\t\t\t\t\t\t\tCaylos T\u00f8nsberg\t\t\t\t\t\t<\/a>\n\t\t\t\t\t<\/h3>\n\t\t\t\t\n\t\t\t\t\t\t\t\t\t<p class=\"elementor-icon-box-description\">\n\t\t\t\t\t\t<b>Open now<\/b> <br>\nRambergveien 45<br>\n3115 T\u00f8nsberg<br>\n<b>411 90 900<\/b><\/br>\n<a href=\"https:\/\/caylostonsberg.agiorder.no\/\"><button><b>Order Now<\/b><\/button><\/a>\t\t\t\t\t<\/p>\n\t\t\t\t\n\t\t\t<\/div>\n\t\t\t\n\t\t<\/div>\n\t\t\t\t\t\t<\/div>\n\t\t\t\t<\/div>\n\t\t\t\t<\/div>\n\t\t<div class=\"elementor-element elementor-element-8df5d20 e-con-full e-flex e-con e-child\" data-id=\"8df5d20\" data-element_type=\"container\">\n\t\t\t\t<\/div>\n\t\t\t\t\t<\/div>\n\t\t\t\t<\/div>\n\t\t<div class=\"elementor-element elementor-element-5f23a4a e-flex e-con-boxed e-con e-parent\" data-id=\"5f23a4a\" data-element_type=\"container\" data-settings=\"{&quot;background_background&quot;:&quot;classic&quot;}\">\n\t\t\t\t\t<div class=\"e-con-inner\">\n\t\t\t\t<div class=\"elementor-element elementor-element-bd55780 elementor-widget elementor-widget-heading\" data-id=\"bd55780\" data-element_type=\"widget\" data-widget_type=\"heading.default\">\n\t\t\t\t<div class=\"elementor-widget-container\">\n\t\t\t\t\t<h2 class=\"elementor-heading-title elementor-size-default\">Sjekk ut v\u00e5re restauranter!<\/h2>\t\t\t\t<\/div>\n\t\t\t\t<\/div>\n\t\t\t\t<div class=\"elementor-element elementor-element-299a0d2 elementor-widget elementor-widget-shortcode\" data-id=\"299a0d2\" data-element_type=\"widget\" data-widget_type=\"shortcode.default\">\n\t\t\t\t<div class=\"elementor-widget-container\">\n\t\t\t\t\t\t\t<div class=\"elementor-shortcode\"><div class=\"foogallery foogallery-container foogallery-carousel foogallery-lightbox-foogallery fg-carousel fg-light fg-border-thin fg-shadow-outline fg-loading-default fg-loaded-fade-in fg-caption-hover fg-hover-fade fg-hover-zoom fg-ready\" id=\"foogallery-gallery-339\" data-foogallery=\"{&quot;item&quot;:{&quot;showCaptionTitle&quot;:true,&quot;showCaptionDescription&quot;:true},&quot;lazy&quot;:true,&quot;template&quot;:{&quot;maxItems&quot;:5,&quot;scale&quot;:0.11999999999999999555910790149937383830547332763671875,&quot;gutter&quot;:{&quot;min&quot;:-40,&quot;max&quot;:-20,&quot;unit&quot;:&quot;%&quot;},&quot;autoplay&quot;:{&quot;time&quot;:3,&quot;interaction&quot;:&quot;pause&quot;},&quot;centerOnClick&quot;:true}}\" data-foogallery-lightbox=\"{&quot;thumbs&quot;:&quot;bottom&quot;,&quot;thumbsCaptions&quot;:false,&quot;thumbsBestFit&quot;:false,&quot;thumbsSmall&quot;:false,&quot;thumbsCaptionsAlign&quot;:&quot;default&quot;,&quot;info&quot;:&quot;bottom&quot;,&quot;infoVisible&quot;:true,&quot;infoOverlay&quot;:true,&quot;infoAlign&quot;:&quot;default&quot;,&quot;transition&quot;:&quot;fade&quot;,&quot;hoverButtons&quot;:false,&quot;fitMedia&quot;:false,&quot;noScrollbars&quot;:true,&quot;preserveButtonSpace&quot;:true,&quot;buttons&quot;:{&quot;fullscreen&quot;:true,&quot;info&quot;:true,&quot;thumbs&quot;:false},&quot;video&quot;:{&quot;autoPlay&quot;:true}}\" >\n\t<button type=\"button\" class=\"fg-carousel-prev\"><\/button>\n\t<div class=\"fg-carousel-inner\">\n\t\t<div class=\"fg-carousel-center\"><\/div>\n\t\t\t<\/div>\n\t<div class=\"fg-carousel-bottom\"><\/div>\n\t<div class=\"fg-carousel-progress\"><\/div>\n\t<button type=\"button\" class=\"fg-carousel-next\"><\/button>\n<\/div><\/div>\n\t\t\t\t\t\t<\/div>\n\t\t\t\t<\/div>\n\t\t\t\t\t<\/div>\n\t\t\t\t<\/div>\n\t\t\t\t<\/div>","protected":false},"excerpt":{"rendered":"<p>Locations Caylos Drammen Griffenfeldsgate 3 3045 Drammen 411 96 000 Order Now Caylos T\u00f8nsberg Open now Rambergveien 45 3115 T\u00f8nsberg 411 90 900 Order Now Check out Our\u00a0Restaurants!<\/p>","protected":false},"author":1,"featured_media":0,"parent":0,"menu_order":0,"comment_status":"closed","ping_status":"closed","template":"elementor_header_footer","meta":{"footnotes":""},"class_list":["post-13","page","type-page","status-publish","hentry"],"yoast_head":"<!-- This site is optimized with the Yoast SEO plugin v25.7 - https:\/\/yoast.com\/wordpress\/plugins\/seo\/ -->\n<title>Caylo&#039;s Restaurants - Find Us in Norway<\/title>\n<meta name=\"description\" content=\"Visit Caylo&#039;s restaurants in Drammen and soon T\u00f8nsberg! Enjoy our tasty fried chicken and burgers. Check our locations and stop by today!\" \/>\n<meta name=\"robots\" content=\"index, follow, max-snippet:-1, max-image-preview:large, max-video-preview:-1\" \/>\n<link rel=\"canonical\" href=\"https:\/\/caylos.com\/nn\/restaurants\/\" \/>\n<meta property=\"og:locale\" content=\"nn_NO\" \/>\n<meta property=\"og:type\" content=\"article\" \/>\n<meta property=\"og:title\" content=\"Caylo&#039;s Restaurants - Find Us in Norway\" \/>\n<meta property=\"og:description\" content=\"Visit Caylo&#039;s restaurants in Drammen and soon T\u00f8nsberg! Enjoy our tasty fried chicken and burgers. Check our locations and stop by today!\" \/>\n<meta property=\"og:url\" content=\"https:\/\/caylos.com\/nn\/restaurants\/\" \/>\n<meta property=\"og:site_name\" content=\"caylos\" \/>\n<meta property=\"article:modified_time\" content=\"2025-06-02T03:50:00+00:00\" \/>\n<meta property=\"og:image\" content=\"https:\/\/caylos.com\/wp-content\/uploads\/2025\/04\/images1.jpg\" \/>\n\t<meta property=\"og:image:width\" content=\"1000\" \/>\n\t<meta property=\"og:image:height\" content=\"667\" \/>\n\t<meta property=\"og:image:type\" content=\"image\/jpeg\" \/>\n<meta name=\"twitter:card\" content=\"summary_large_image\" \/>\n<meta name=\"twitter:title\" content=\"Caylo&#039;s Restaurants - Find Us in Norway\" \/>\n<meta name=\"twitter:description\" content=\"Visit Caylo&#039;s restaurants in Drammen and soon T\u00f8nsberg! Enjoy our tasty fried chicken and burgers. Check our locations and stop by today!\" \/>\n<meta name=\"twitter:image\" content=\"https:\/\/caylos.com\/wp-content\/uploads\/2025\/04\/images1.jpg\" \/>\n<meta name=\"twitter:label1\" content=\"Est. reading time\" \/>\n\t<meta name=\"twitter:data1\" content=\"1 minutt\" \/>\n<script type=\"application\/ld+json\" class=\"yoast-schema-graph\">{\"@context\":\"https:\/\/schema.org\",\"@graph\":[{\"@type\":\"WebPage\",\"@id\":\"https:\/\/caylos.com\/restaurants\/\",\"url\":\"https:\/\/caylos.com\/restaurants\/\",\"name\":\"Caylo's Restaurants - Find Us in Norway\",\"isPartOf\":{\"@id\":\"https:\/\/caylos.com\/#website\"},\"datePublished\":\"2025-03-19T09:41:35+00:00\",\"dateModified\":\"2025-06-02T03:50:00+00:00\",\"description\":\"Visit Caylo's restaurants in Drammen and soon T\u00f8nsberg! Enjoy our tasty fried chicken and burgers. Check our locations and stop by today!\",\"breadcrumb\":{\"@id\":\"https:\/\/caylos.com\/restaurants\/#breadcrumb\"},\"inLanguage\":\"nn-NO\",\"potentialAction\":[{\"@type\":\"ReadAction\",\"target\":[\"https:\/\/caylos.com\/restaurants\/\"]}]},{\"@type\":\"BreadcrumbList\",\"@id\":\"https:\/\/caylos.com\/restaurants\/#breadcrumb\",\"itemListElement\":[{\"@type\":\"ListItem\",\"position\":1,\"name\":\"Home\",\"item\":\"https:\/\/caylos.com\/\"},{\"@type\":\"ListItem\",\"position\":2,\"name\":\"Restaurants\"}]},{\"@type\":\"WebSite\",\"@id\":\"https:\/\/caylos.com\/#website\",\"url\":\"https:\/\/caylos.com\/\",\"name\":\"caylos\",\"description\":\"\",\"potentialAction\":[{\"@type\":\"SearchAction\",\"target\":{\"@type\":\"EntryPoint\",\"urlTemplate\":\"https:\/\/caylos.com\/?s={search_term_string}\"},\"query-input\":{\"@type\":\"PropertyValueSpecification\",\"valueRequired\":true,\"valueName\":\"search_term_string\"}}],\"inLanguage\":\"nn-NO\"}]}<\/script>\n<!-- \/ Yoast SEO plugin. -->","yoast_head_json":{"title":"Caylo's Restauranter \u2013 Finn oss i Norge","description":"Bes\u00f8k Caylo's i Drammen og snart i T\u00f8nsberg! Nyt v\u00e5r spr\u00f8 kylling og smakfulle burgere. Se v\u00e5re restauranter og stikk innom i dag.","robots":{"index":"index","follow":"follow","max-snippet":"max-snippet:-1","max-image-preview":"max-image-preview:large","max-video-preview":"max-video-preview:-1"},"canonical":"https:\/\/caylos.com\/nn\/restaurants\/","og_locale":"nn_NO","og_type":"article","og_title":"Caylo's Restaurants - Find Us in Norway","og_description":"Visit Caylo's restaurants in Drammen and soon T\u00f8nsberg! Enjoy our tasty fried chicken and burgers. Check our locations and stop by today!","og_url":"https:\/\/caylos.com\/nn\/restaurants\/","og_site_name":"caylos","article_modified_time":"2025-06-02T03:50:00+00:00","og_image":[{"width":1000,"height":667,"url":"https:\/\/caylos.com\/wp-content\/uploads\/2025\/04\/images1.jpg","type":"image\/jpeg"}],"twitter_card":"summary_large_image","twitter_title":"Caylo's Restaurants - Find Us in Norway","twitter_description":"Visit Caylo's restaurants in Drammen and soon T\u00f8nsberg! Enjoy our tasty fried chicken and burgers. Check our locations and stop by today!","twitter_image":"https:\/\/caylos.com\/wp-content\/uploads\/2025\/04\/images1.jpg","twitter_misc":{"Est. reading time":"1 minutt"},"schema":{"@context":"https:\/\/schema.org","@graph":[{"@type":"WebPage","@id":"https:\/\/caylos.com\/restaurants\/","url":"https:\/\/caylos.com\/restaurants\/","name":"Caylo's Restauranter \u2013 Finn oss i Norge","isPartOf":{"@id":"https:\/\/caylos.com\/#website"},"datePublished":"2025-03-19T09:41:35+00:00","dateModified":"2025-06-02T03:50:00+00:00","description":"Bes\u00f8k Caylo's i Drammen og snart i T\u00f8nsberg! Nyt v\u00e5r spr\u00f8 kylling og smakfulle burgere. Se v\u00e5re restauranter og stikk innom i dag.","breadcrumb":{"@id":"https:\/\/caylos.com\/restaurants\/#breadcrumb"},"inLanguage":"nn-NO","potentialAction":[{"@type":"ReadAction","target":["https:\/\/caylos.com\/restaurants\/"]}]},{"@type":"BreadcrumbList","@id":"https:\/\/caylos.com\/restaurants\/#breadcrumb","itemListElement":[{"@type":"ListItem","position":1,"name":"Home","item":"https:\/\/caylos.com\/"},{"@type":"ListItem","position":2,"name":"Restaurants"}]},{"@type":"WebSite","@id":"https:\/\/caylos.com\/#website","url":"https:\/\/caylos.com\/","name":"caylos","description":"","potentialAction":[{"@type":"SearchAction","target":{"@type":"EntryPoint","urlTemplate":"https:\/\/caylos.com\/?s={search_term_string}"},"query-input":{"@type":"PropertyValueSpecification","valueRequired":true,"valueName":"search_term_string"}}],"inLanguage":"nn-NO"}]}},"_links":{"self":[{"href":"https:\/\/caylos.com\/nn\/wp-json\/wp\/v2\/pages\/13","targetHints":{"allow":["GET"]}}],"collection":[{"href":"https:\/\/caylos.com\/nn\/wp-json\/wp\/v2\/pages"}],"about":[{"href":"https:\/\/caylos.com\/nn\/wp-json\/wp\/v2\/types\/page"}],"author":[{"embeddable":true,"href":"https:\/\/caylos.com\/nn\/wp-json\/wp\/v2\/users\/1"}],"replies":[{"embeddable":true,"href":"https:\/\/caylos.com\/nn\/wp-json\/wp\/v2\/comments?post=13"}],"version-history":[{"count":0,"href":"https:\/\/caylos.com\/nn\/wp-json\/wp\/v2\/pages\/13\/revisions"}],"wp:attachment":[{"href":"https:\/\/caylos.com\/nn\/wp-json\/wp\/v2\/media?parent=13"}],"curies":[{"name":"wp","href":"https:\/\/api.w.org\/{rel}","templated":true}]}}