{"id":17,"date":"2025-03-19T09:45:51","date_gmt":"2025-03-19T09:45:51","guid":{"rendered":"https:\/\/archsoftwares.com\/caylos\/?page_id=17"},"modified":"2025-07-07T09:30:15","modified_gmt":"2025-07-07T09:30:15","slug":"about-us","status":"publish","type":"page","link":"https:\/\/caylos.com\/nn\/about-us\/","title":{"rendered":"Om oss"},"content":{"rendered":"<div data-elementor-type=\"wp-page\" data-elementor-id=\"17\" class=\"elementor elementor-17\" data-elementor-post-type=\"page\">\n\t\t\t\t<div class=\"elementor-element elementor-element-6f1dd4c e-flex e-con-boxed e-con e-parent\" data-id=\"6f1dd4c\" data-element_type=\"container\" data-settings=\"{&quot;background_background&quot;:&quot;classic&quot;}\">\n\t\t\t\t\t<div class=\"e-con-inner\">\n\t\t<div class=\"elementor-element elementor-element-ff54cbe e-con-full e-flex e-con e-child\" data-id=\"ff54cbe\" data-element_type=\"container\">\n\t\t\t\t<div class=\"elementor-element elementor-element-3edb355 elementor-widget elementor-widget-heading\" data-id=\"3edb355\" data-element_type=\"widget\" data-widget_type=\"heading.default\">\n\t\t\t\t<div class=\"elementor-widget-container\">\n\t\t\t\t\t<h4 class=\"elementor-heading-title elementor-size-default\">\nOm<\/h4>\t\t\t\t<\/div>\n\t\t\t\t<\/div>\n\t\t\t\t<div class=\"elementor-element elementor-element-d344a22 elementor-widget elementor-widget-heading\" data-id=\"d344a22\" data-element_type=\"widget\" data-widget_type=\"heading.default\">\n\t\t\t\t<div class=\"elementor-widget-container\">\n\t\t\t\t\t<h1 class=\"elementor-heading-title elementor-size-default\">Caylo's<\/h1>\t\t\t\t<\/div>\n\t\t\t\t<\/div>\n\t\t\t\t<div class=\"elementor-element elementor-element-62098b1 elementor-widget__width-initial elementor-widget elementor-widget-text-editor\" data-id=\"62098b1\" data-element_type=\"widget\" data-widget_type=\"text-editor.default\">\n\t\t\t\t<div class=\"elementor-widget-container\">\n\t\t\t\t\t\t\t\t\t<p>Vi er i bransjen for \u00e5 f\u00e5 folk til \u00e5 f\u00f8le seg spesielle. I alt vi gj\u00f8r, sp\u00f8r vi oss selv om vi setter gjesten f\u00f8rst og s\u00f8rger for at de vil komme tilbake for mer.<\/p>\t\t\t\t\t\t\t\t<\/div>\n\t\t\t\t<\/div>\n\t\t\t\t<\/div>\n\t\t<div class=\"elementor-element elementor-element-3576770 e-con-full e-flex e-con e-child\" data-id=\"3576770\" data-element_type=\"container\">\n\t\t\t\t<div class=\"elementor-element elementor-element-40b8dc2 elementor-widget__width-initial elementor-widget elementor-widget-image\" data-id=\"40b8dc2\" data-element_type=\"widget\" data-widget_type=\"image.default\">\n\t\t\t\t<div class=\"elementor-widget-container\">\n\t\t\t\t\t\t\t\t\t\t\t\t\t\t\t<img fetchpriority=\"high\" decoding=\"async\" width=\"768\" height=\"432\" src=\"https:\/\/caylos.com\/wp-content\/uploads\/2025\/03\/burger.png\" class=\"attachment-medium_large size-medium_large wp-image-104\" alt=\"Best Chicken Burgers\" srcset=\"https:\/\/caylos.com\/wp-content\/uploads\/2025\/03\/burger.png 768w, https:\/\/caylos.com\/wp-content\/uploads\/2025\/03\/burger-300x169.png 300w\" sizes=\"(max-width: 768px) 100vw, 768px\" \/>\t\t\t\t\t\t\t\t\t\t\t\t\t\t\t<\/div>\n\t\t\t\t<\/div>\n\t\t\t\t<\/div>\n\t\t\t\t\t<\/div>\n\t\t\t\t<\/div>\n\t\t<div class=\"elementor-element elementor-element-dbda7af e-con-full e-flex e-con e-parent\" data-id=\"dbda7af\" data-element_type=\"container\" data-settings=\"{&quot;background_background&quot;:&quot;classic&quot;}\">\n\t\t<div class=\"elementor-element elementor-element-112dc02 e-flex e-con-boxed e-con e-child\" data-id=\"112dc02\" data-element_type=\"container\">\n\t\t\t\t\t<div class=\"e-con-inner\">\n\t\t<div class=\"elementor-element elementor-element-c0a578e e-con-full e-flex e-con e-child\" data-id=\"c0a578e\" data-element_type=\"container\">\n\t\t\t\t<div class=\"elementor-element elementor-element-ccb0329 elementor-widget elementor-widget-heading\" data-id=\"ccb0329\" data-element_type=\"widget\" data-widget_type=\"heading.default\">\n\t\t\t\t<div class=\"elementor-widget-container\">\n\t\t\t\t\t<h2 class=\"elementor-heading-title elementor-size-default\">Vi bruker kun ingredienser av h\u00f8yeste kvalitet.<\/h2>\t\t\t\t<\/div>\n\t\t\t\t<\/div>\n\t\t\t\t<div class=\"elementor-element elementor-element-d59328e elementor-widget elementor-widget-text-editor\" data-id=\"d59328e\" data-element_type=\"widget\" data-widget_type=\"text-editor.default\">\n\t\t\t\t<div class=\"elementor-widget-container\">\n\t\t\t\t\t\t\t\t\t<p>Hos Caylo\u2019s er kvalitet v\u00e5r h\u00f8yeste prioritet. Vi velger n\u00f8ye de ferskeste og beste ingrediensene for \u00e5 sikre at hver bit du tar er full av smak. Fra f\u00f8rsteklasses, lokalt produsert kylling til de spr\u00f8este gr\u00f8nnsakene og de mest aromatiske krydderne, lar vi ingen detaljer v\u00e6re utelatt i v\u00e5r s\u00f8ken etter \u00e5 levere enest\u00e5ende smak. V\u00e5r forpliktelse til kvalitet er ikke bare et l\u00f8fte \u2013 det er grunnlaget for alt vi serverer.<\/p>\t\t\t\t\t\t\t\t<\/div>\n\t\t\t\t<\/div>\n\t\t\t\t<\/div>\n\t\t<div class=\"elementor-element elementor-element-b030cc4 e-con-full e-flex e-con e-child\" data-id=\"b030cc4\" data-element_type=\"container\">\n\t\t\t\t<div class=\"elementor-element elementor-element-7b0dcee elementor-widget elementor-widget-image\" data-id=\"7b0dcee\" data-element_type=\"widget\" data-widget_type=\"image.default\">\n\t\t\t\t<div class=\"elementor-widget-container\">\n\t\t\t\t\t\t\t\t\t\t\t\t\t\t\t<img decoding=\"async\" width=\"1066\" height=\"1600\" src=\"https:\/\/caylos.com\/wp-content\/uploads\/2025\/07\/caylos-_image.png\" class=\"attachment-full size-full wp-image-1733\" alt=\"\" srcset=\"https:\/\/caylos.com\/wp-content\/uploads\/2025\/07\/caylos-_image.png 1066w, https:\/\/caylos.com\/wp-content\/uploads\/2025\/07\/caylos-_image-200x300.png 200w, https:\/\/caylos.com\/wp-content\/uploads\/2025\/07\/caylos-_image-682x1024.png 682w, https:\/\/caylos.com\/wp-content\/uploads\/2025\/07\/caylos-_image-768x1153.png 768w, https:\/\/caylos.com\/wp-content\/uploads\/2025\/07\/caylos-_image-1023x1536.png 1023w, https:\/\/caylos.com\/wp-content\/uploads\/2025\/07\/caylos-_image-8x12.png 8w\" sizes=\"(max-width: 1066px) 100vw, 1066px\" \/>\t\t\t\t\t\t\t\t\t\t\t\t\t\t\t<\/div>\n\t\t\t\t<\/div>\n\t\t\t\t<\/div>\n\t\t\t\t\t<\/div>\n\t\t\t\t<\/div>\n\t\t\t\t<\/div>\n\t\t<div class=\"elementor-element elementor-element-727d92f e-con-full e-flex e-con e-parent\" data-id=\"727d92f\" data-element_type=\"container\" data-settings=\"{&quot;background_background&quot;:&quot;classic&quot;}\">\n\t\t<div class=\"elementor-element elementor-element-30cdadb e-flex e-con-boxed e-con e-child\" data-id=\"30cdadb\" data-element_type=\"container\">\n\t\t\t\t\t<div class=\"e-con-inner\">\n\t\t<div class=\"elementor-element elementor-element-4007e84 e-con-full e-flex e-con e-child\" data-id=\"4007e84\" data-element_type=\"container\">\n\t\t\t\t<div class=\"elementor-element elementor-element-2bfcc69 elementor-widget elementor-widget-image\" data-id=\"2bfcc69\" data-element_type=\"widget\" data-widget_type=\"image.default\">\n\t\t\t\t<div class=\"elementor-widget-container\">\n\t\t\t\t\t\t\t\t\t\t\t\t\t\t\t<img decoding=\"async\" width=\"1024\" height=\"576\" src=\"https:\/\/caylos.com\/wp-content\/uploads\/2025\/04\/about-bannar.png\" class=\"attachment-full size-full wp-image-583\" alt=\"Best Chicken Burgers\" srcset=\"https:\/\/caylos.com\/wp-content\/uploads\/2025\/04\/about-bannar.png 1024w, https:\/\/caylos.com\/wp-content\/uploads\/2025\/04\/about-bannar-300x169.png 300w, https:\/\/caylos.com\/wp-content\/uploads\/2025\/04\/about-bannar-768x432.png 768w, https:\/\/caylos.com\/wp-content\/uploads\/2025\/04\/about-bannar-18x10.png 18w\" sizes=\"(max-width: 1024px) 100vw, 1024px\" \/>\t\t\t\t\t\t\t\t\t\t\t\t\t\t\t<\/div>\n\t\t\t\t<\/div>\n\t\t\t\t<\/div>\n\t\t<div class=\"elementor-element elementor-element-c267a70 e-con-full e-flex e-con e-child\" data-id=\"c267a70\" data-element_type=\"container\">\n\t\t\t\t<div class=\"elementor-element elementor-element-459adb6 elementor-widget elementor-widget-heading\" data-id=\"459adb6\" data-element_type=\"widget\" data-widget_type=\"heading.default\">\n\t\t\t\t<div class=\"elementor-widget-container\">\n\t\t\t\t\t<h2 class=\"elementor-heading-title elementor-size-default\">Resultatet er en nydelig smak<\/h2>\t\t\t\t<\/div>\n\t\t\t\t<\/div>\n\t\t\t\t<div class=\"elementor-element elementor-element-2669154 elementor-widget elementor-widget-text-editor\" data-id=\"2669154\" data-element_type=\"widget\" data-widget_type=\"text-editor.default\">\n\t\t\t\t<div class=\"elementor-widget-container\">\n\t\t\t\t\t\t\t\t\t<p>N\u00e5r du tar den f\u00f8rste biten av en Caylo\u2019s fritert kyllingburger, vil du umiddelbart merke at dette er noe unikt. Den saftige kyllingen, den spr\u00f8 paneringen, og den perfekte blandingen av krydder gir en smakopplevelse som virkelig skiller seg ut. Det er den typen smak som varer, en du alltid vil lengte etter. Hos Caylo\u2019s serverer vi mer enn bare mat \u2013 vi serverer en smak som f\u00e5r deg til \u00e5 komme tilbake for mer, gang p\u00e5 gang.<\/p>\t\t\t\t\t\t\t\t<\/div>\n\t\t\t\t<\/div>\n\t\t\t\t<\/div>\n\t\t\t\t\t<\/div>\n\t\t\t\t<\/div>\n\t\t\t\t<\/div>\n\t\t<div class=\"elementor-element elementor-element-8150316 e-con-full e-flex e-con e-parent\" data-id=\"8150316\" data-element_type=\"container\" data-settings=\"{&quot;background_background&quot;:&quot;classic&quot;}\">\n\t\t<div class=\"elementor-element elementor-element-dc3d331 e-con-full e-flex e-con e-child\" data-id=\"dc3d331\" data-element_type=\"container\" data-settings=\"{&quot;background_background&quot;:&quot;classic&quot;}\">\n\t\t\t\t<div class=\"elementor-element elementor-element-7bcf184 elementor-widget elementor-widget-heading\" data-id=\"7bcf184\" data-element_type=\"widget\" data-widget_type=\"heading.default\">\n\t\t\t\t<div class=\"elementor-widget-container\">\n\t\t\t\t\t<h2 class=\"elementor-heading-title elementor-size-default\">Bli med i Caylos familie<\/h2>\t\t\t\t<\/div>\n\t\t\t\t<\/div>\n\t\t\t\t<div class=\"elementor-element elementor-element-14ae0f6 elementor-widget elementor-widget-heading\" data-id=\"14ae0f6\" data-element_type=\"widget\" data-widget_type=\"heading.default\">\n\t\t\t\t<div class=\"elementor-widget-container\">\n\t\t\t\t\t<h2 class=\"elementor-heading-title elementor-size-default\">Franchisemuligheter tilgjengelig<\/h2>\t\t\t\t<\/div>\n\t\t\t\t<\/div>\n\t\t\t\t<div class=\"elementor-element elementor-element-ae9ac58 elementor-widget elementor-widget-text-editor\" data-id=\"ae9ac58\" data-element_type=\"widget\" data-widget_type=\"text-editor.default\">\n\t\t\t\t<div class=\"elementor-widget-container\">\n\t\t\t\t\t\t\t\t\tBli en del av Caylo\u2019s, Norges beste burger- og stekt kyllingmerke. Med v\u00e5r velpr\u00f8vde modell og full st\u00f8tte kan du bringe v\u00e5r eksepsjonelle smak til samfunnet ditt. Bli med oss \u200b\u200bi dag og start reisen til suksess med Caylo's!\t\t\t\t\t\t\t\t<\/div>\n\t\t\t\t<\/div>\n\t\t\t\t<div class=\"elementor-element elementor-element-fbcb288 elementor-widget elementor-widget-button\" data-id=\"fbcb288\" data-element_type=\"widget\" data-widget_type=\"button.default\">\n\t\t\t\t<div class=\"elementor-widget-container\">\n\t\t\t\t\t\t\t\t\t<div class=\"elementor-button-wrapper\">\n\t\t\t\t\t<a class=\"elementor-button elementor-button-link elementor-size-sm\" href=\"https:\/\/caylos.com\/nn\/franchise\/\">\n\t\t\t\t\t\t<span class=\"elementor-button-content-wrapper\">\n\t\t\t\t\t\t<span class=\"elementor-button-icon\">\n\t\t\t\t<svg aria-hidden=\"true\" class=\"e-font-icon-svg e-fas-arrow-circle-right\" viewbox=\"0 0 512 512\" xmlns=\"http:\/\/www.w3.org\/2000\/svg\"><path d=\"M256 8c137 0 248 111 248 248S393 504 256 504 8 393 8 256 119 8 256 8zm-28.9 143.6l75.5 72.4H120c-13.3 0-24 10.7-24 24v16c0 13.3 10.7 24 24 24h182.6l-75.5 72.4c-9.7 9.3-9.9 24.8-.4 34.3l11 10.9c9.4 9.4 24.6 9.4 33.9 0L404.3 273c9.4-9.4 9.4-24.6 0-33.9L271.6 106.3c-9.4-9.4-24.6-9.4-33.9 0l-11 10.9c-9.5 9.6-9.3 25.1.4 34.4z\"><\/path><\/svg>\t\t\t<\/span>\n\t\t\t\t\t\t\t\t\t<span class=\"elementor-button-text\">S\u00d8K I DAG<\/span>\n\t\t\t\t\t<\/span>\n\t\t\t\t\t<\/a>\n\t\t\t\t<\/div>\n\t\t\t\t\t\t\t\t<\/div>\n\t\t\t\t<\/div>\n\t\t\t\t<\/div>\n\t\t\t\t<\/div>\n\t\t<div class=\"elementor-element elementor-element-1e3b0d9 neswletter-section e-flex e-con-boxed e-con e-parent\" data-id=\"1e3b0d9\" data-element_type=\"container\" data-settings=\"{&quot;background_background&quot;:&quot;classic&quot;}\">\n\t\t\t\t\t<div class=\"e-con-inner\">\n\t\t<div class=\"elementor-element elementor-element-28a5222 e-con-full e-flex e-con e-child\" data-id=\"28a5222\" data-element_type=\"container\">\n\t\t\t\t<div class=\"elementor-element elementor-element-d8cbe5d elementor-widget elementor-widget-heading\" data-id=\"d8cbe5d\" data-element_type=\"widget\" data-widget_type=\"heading.default\">\n\t\t\t\t<div class=\"elementor-widget-container\">\n\t\t\t\t\t<h2 class=\"elementor-heading-title elementor-size-default\">Love Fried Chicken?<\/h2>\t\t\t\t<\/div>\n\t\t\t\t<\/div>\n\t\t\t\t<div class=\"elementor-element elementor-element-a0a758a elementor-widget elementor-widget-text-editor\" data-id=\"a0a758a\" data-element_type=\"widget\" data-widget_type=\"text-editor.default\">\n\t\t\t\t<div class=\"elementor-widget-container\">\n\t\t\t\t\t\t\t\t\t<p>Be the first to know about our newest menu items and latest offers.<\/p>\t\t\t\t\t\t\t\t<\/div>\n\t\t\t\t<\/div>\n\t\t\t\t<div class=\"elementor-element elementor-element-5581be6 news-form elementor-widget elementor-widget-shortcode\" data-id=\"5581be6\" data-element_type=\"widget\" data-widget_type=\"shortcode.default\">\n\t\t\t\t<div class=\"elementor-widget-container\">\n\t\t\t\t\t\t\t<div class=\"elementor-shortcode\"><div class=\"tnp tnp-subscription\">\n<form method=\"post\" action=\"https:\/\/caylos.com\/wp-admin\/admin-ajax.php?action=tnp&amp;na=s\">\n<input type=\"hidden\" name=\"nlang\" value=\"\">\n<div class=\"tnp-field tnp-field-email\"><label for=\"tnp-1\">E-post<\/label>\n<input class=\"tnp-email\" type=\"email\" name=\"ne\" id=\"tnp-1\" value=\"\" placeholder=\"Enter Your Email Address\" required><\/div>\n<div class=\"tnp-field tnp-field-button\" style=\"text-align: left\"><input class=\"tnp-submit\" type=\"submit\" value=\"Subscribe\" style=\"\">\n<\/div>\n<\/form>\n<\/div>\n<\/div>\n\t\t\t\t\t\t<\/div>\n\t\t\t\t<\/div>\n\t\t\t\t<\/div>\n\t\t\t\t\t<\/div>\n\t\t\t\t<\/div>\n\t\t\t\t<\/div>","protected":false},"excerpt":{"rendered":"<p>About Caylo&#8217;s We\u2019re in the business of making people feel special. In everything we do, we have to ask ourselves if we\u2019re putting the Guest first and making sure they\u2019ll come back for more. We only use the highest quality ingredients. At Caylos, quality is our top priority. We carefully select the freshest and finest [&hellip;]<\/p>","protected":false},"author":1,"featured_media":0,"parent":0,"menu_order":0,"comment_status":"closed","ping_status":"closed","template":"","meta":{"footnotes":""},"class_list":["post-17","page","type-page","status-publish","hentry"],"yoast_head":"<!-- This site is optimized with the Yoast SEO plugin v25.7 - https:\/\/yoast.com\/wordpress\/plugins\/seo\/ -->\n<title>About Caylo&#039;s - Quality Chicken Burgers &amp; Exceptional Taste<\/title>\n<meta name=\"description\" content=\"Know Caylo&#039;s passion for serving the best chicken burgers, broasted, and fried chicken. Discover how our commitment to fresh ingredients and guest satisfaction makes us a favorite for chicken lovers everywhere.\" \/>\n<meta name=\"robots\" content=\"index, follow, max-snippet:-1, max-image-preview:large, max-video-preview:-1\" \/>\n<link rel=\"canonical\" href=\"https:\/\/caylos.com\/nn\/about-us\/\" \/>\n<meta property=\"og:locale\" content=\"nn_NO\" \/>\n<meta property=\"og:type\" content=\"article\" \/>\n<meta property=\"og:title\" content=\"About Caylo&#039;s - Quality Chicken Burgers &amp; Exceptional Taste\" \/>\n<meta property=\"og:description\" content=\"Know Caylo&#039;s passion for serving the best chicken burgers, broasted, and fried chicken. Discover how our commitment to fresh ingredients and guest satisfaction makes us a favorite for chicken lovers everywhere.\" \/>\n<meta property=\"og:url\" content=\"https:\/\/caylos.com\/nn\/about-us\/\" \/>\n<meta property=\"og:site_name\" content=\"caylos\" \/>\n<meta property=\"article:modified_time\" content=\"2025-07-07T09:30:15+00:00\" \/>\n<meta property=\"og:image\" content=\"https:\/\/caylos.com\/wp-content\/uploads\/2025\/04\/new-burger.png\" \/>\n\t<meta property=\"og:image:width\" content=\"800\" \/>\n\t<meta property=\"og:image:height\" content=\"800\" \/>\n\t<meta property=\"og:image:type\" content=\"image\/png\" \/>\n<meta name=\"twitter:card\" content=\"summary_large_image\" \/>\n<meta name=\"twitter:title\" content=\"About Caylo&#039;s - Quality Chicken Burgers &amp; Exceptional Taste\" \/>\n<meta name=\"twitter:description\" content=\"Know Caylo&#039;s passion for serving the best chicken burgers, broasted, and fried chicken. Discover how our commitment to fresh ingredients and guest satisfaction makes us a favorite for chicken lovers everywhere.\" \/>\n<meta name=\"twitter:image\" content=\"https:\/\/caylos.com\/wp-content\/uploads\/2025\/04\/new-burger.png\" \/>\n<meta name=\"twitter:label1\" content=\"Est. reading time\" \/>\n\t<meta name=\"twitter:data1\" content=\"2 minutt\" \/>\n<script type=\"application\/ld+json\" class=\"yoast-schema-graph\">{\"@context\":\"https:\/\/schema.org\",\"@graph\":[{\"@type\":\"WebPage\",\"@id\":\"https:\/\/caylos.com\/about-us\/\",\"url\":\"https:\/\/caylos.com\/about-us\/\",\"name\":\"About Caylo's - Quality Chicken Burgers & Exceptional Taste\",\"isPartOf\":{\"@id\":\"https:\/\/caylos.com\/#website\"},\"primaryImageOfPage\":{\"@id\":\"https:\/\/caylos.com\/about-us\/#primaryimage\"},\"image\":{\"@id\":\"https:\/\/caylos.com\/about-us\/#primaryimage\"},\"thumbnailUrl\":\"https:\/\/caylos.com\/wp-content\/uploads\/2025\/03\/burger.png\",\"datePublished\":\"2025-03-19T09:45:51+00:00\",\"dateModified\":\"2025-07-07T09:30:15+00:00\",\"description\":\"Know Caylo's passion for serving the best chicken burgers, broasted, and fried chicken. Discover how our commitment to fresh ingredients and guest satisfaction makes us a favorite for chicken lovers everywhere.\",\"breadcrumb\":{\"@id\":\"https:\/\/caylos.com\/about-us\/#breadcrumb\"},\"inLanguage\":\"nn-NO\",\"potentialAction\":[{\"@type\":\"ReadAction\",\"target\":[\"https:\/\/caylos.com\/about-us\/\"]}]},{\"@type\":\"ImageObject\",\"inLanguage\":\"nn-NO\",\"@id\":\"https:\/\/caylos.com\/about-us\/#primaryimage\",\"url\":\"https:\/\/caylos.com\/wp-content\/uploads\/2025\/03\/burger.png\",\"contentUrl\":\"https:\/\/caylos.com\/wp-content\/uploads\/2025\/03\/burger.png\"},{\"@type\":\"BreadcrumbList\",\"@id\":\"https:\/\/caylos.com\/about-us\/#breadcrumb\",\"itemListElement\":[{\"@type\":\"ListItem\",\"position\":1,\"name\":\"Home\",\"item\":\"https:\/\/caylos.com\/\"},{\"@type\":\"ListItem\",\"position\":2,\"name\":\"About us\"}]},{\"@type\":\"WebSite\",\"@id\":\"https:\/\/caylos.com\/#website\",\"url\":\"https:\/\/caylos.com\/\",\"name\":\"caylos\",\"description\":\"\",\"potentialAction\":[{\"@type\":\"SearchAction\",\"target\":{\"@type\":\"EntryPoint\",\"urlTemplate\":\"https:\/\/caylos.com\/?s={search_term_string}\"},\"query-input\":{\"@type\":\"PropertyValueSpecification\",\"valueRequired\":true,\"valueName\":\"search_term_string\"}}],\"inLanguage\":\"nn-NO\"}]}<\/script>\n<!-- \/ Yoast SEO plugin. -->","yoast_head_json":{"title":"Om Caylo's \u2013 Kyllingburgere av Kvalitet og Fantastisk Smak","description":"L\u00e6r mer om Caylo's lidenskap for kyllingburgere, broasted og fritert kylling. Vi bruker alltid ferske r\u00e5varer og setter gjesten f\u00f8rst \u2013 derfor er vi et favorittvalg for kyllingelskere overalt.","robots":{"index":"index","follow":"follow","max-snippet":"max-snippet:-1","max-image-preview":"max-image-preview:large","max-video-preview":"max-video-preview:-1"},"canonical":"https:\/\/caylos.com\/nn\/about-us\/","og_locale":"nn_NO","og_type":"article","og_title":"About Caylo's - Quality Chicken Burgers & Exceptional Taste","og_description":"Know Caylo's passion for serving the best chicken burgers, broasted, and fried chicken. Discover how our commitment to fresh ingredients and guest satisfaction makes us a favorite for chicken lovers everywhere.","og_url":"https:\/\/caylos.com\/nn\/about-us\/","og_site_name":"caylos","article_modified_time":"2025-07-07T09:30:15+00:00","og_image":[{"width":800,"height":800,"url":"https:\/\/caylos.com\/wp-content\/uploads\/2025\/04\/new-burger.png","type":"image\/png"}],"twitter_card":"summary_large_image","twitter_title":"About Caylo's - Quality Chicken Burgers & Exceptional Taste","twitter_description":"Know Caylo's passion for serving the best chicken burgers, broasted, and fried chicken. Discover how our commitment to fresh ingredients and guest satisfaction makes us a favorite for chicken lovers everywhere.","twitter_image":"https:\/\/caylos.com\/wp-content\/uploads\/2025\/04\/new-burger.png","twitter_misc":{"Est. reading time":"2 minutt"},"schema":{"@context":"https:\/\/schema.org","@graph":[{"@type":"WebPage","@id":"https:\/\/caylos.com\/about-us\/","url":"https:\/\/caylos.com\/about-us\/","name":"Om Caylo's \u2013 Kyllingburgere av Kvalitet og Fantastisk Smak","isPartOf":{"@id":"https:\/\/caylos.com\/#website"},"primaryImageOfPage":{"@id":"https:\/\/caylos.com\/about-us\/#primaryimage"},"image":{"@id":"https:\/\/caylos.com\/about-us\/#primaryimage"},"thumbnailUrl":"https:\/\/caylos.com\/wp-content\/uploads\/2025\/03\/burger.png","datePublished":"2025-03-19T09:45:51+00:00","dateModified":"2025-07-07T09:30:15+00:00","description":"L\u00e6r mer om Caylo's lidenskap for kyllingburgere, broasted og fritert kylling. Vi bruker alltid ferske r\u00e5varer og setter gjesten f\u00f8rst \u2013 derfor er vi et favorittvalg for kyllingelskere overalt.","breadcrumb":{"@id":"https:\/\/caylos.com\/about-us\/#breadcrumb"},"inLanguage":"nn-NO","potentialAction":[{"@type":"ReadAction","target":["https:\/\/caylos.com\/about-us\/"]}]},{"@type":"ImageObject","inLanguage":"nn-NO","@id":"https:\/\/caylos.com\/about-us\/#primaryimage","url":"https:\/\/caylos.com\/wp-content\/uploads\/2025\/03\/burger.png","contentUrl":"https:\/\/caylos.com\/wp-content\/uploads\/2025\/03\/burger.png"},{"@type":"BreadcrumbList","@id":"https:\/\/caylos.com\/about-us\/#breadcrumb","itemListElement":[{"@type":"ListItem","position":1,"name":"Home","item":"https:\/\/caylos.com\/"},{"@type":"ListItem","position":2,"name":"About us"}]},{"@type":"WebSite","@id":"https:\/\/caylos.com\/#website","url":"https:\/\/caylos.com\/","name":"caylos","description":"","potentialAction":[{"@type":"SearchAction","target":{"@type":"EntryPoint","urlTemplate":"https:\/\/caylos.com\/?s={search_term_string}"},"query-input":{"@type":"PropertyValueSpecification","valueRequired":true,"valueName":"search_term_string"}}],"inLanguage":"nn-NO"}]}},"_links":{"self":[{"href":"https:\/\/caylos.com\/nn\/wp-json\/wp\/v2\/pages\/17","targetHints":{"allow":["GET"]}}],"collection":[{"href":"https:\/\/caylos.com\/nn\/wp-json\/wp\/v2\/pages"}],"about":[{"href":"https:\/\/caylos.com\/nn\/wp-json\/wp\/v2\/types\/page"}],"author":[{"embeddable":true,"href":"https:\/\/caylos.com\/nn\/wp-json\/wp\/v2\/users\/1"}],"replies":[{"embeddable":true,"href":"https:\/\/caylos.com\/nn\/wp-json\/wp\/v2\/comments?post=17"}],"version-history":[{"count":0,"href":"https:\/\/caylos.com\/nn\/wp-json\/wp\/v2\/pages\/17\/revisions"}],"wp:attachment":[{"href":"https:\/\/caylos.com\/nn\/wp-json\/wp\/v2\/media?parent=17"}],"curies":[{"name":"wp","href":"https:\/\/api.w.org\/{rel}","templated":true}]}}