{"id":21,"date":"2025-03-19T09:46:28","date_gmt":"2025-03-19T09:46:28","guid":{"rendered":"https:\/\/archsoftwares.com\/caylos\/?page_id=21"},"modified":"2025-08-23T11:48:57","modified_gmt":"2025-08-23T11:48:57","slug":"contact-us","status":"publish","type":"page","link":"https:\/\/caylos.com\/nn\/contact-us\/","title":{"rendered":"Kontakt oss"},"content":{"rendered":"<div data-elementor-type=\"wp-page\" data-elementor-id=\"21\" class=\"elementor elementor-21\" data-elementor-post-type=\"page\">\n\t\t\t\t<div class=\"elementor-element elementor-element-29f40c4 e-flex e-con-boxed e-con e-parent\" data-id=\"29f40c4\" data-element_type=\"container\">\n\t\t\t\t\t<div class=\"e-con-inner\">\n\t\t\t\t<div class=\"elementor-element elementor-element-b6a6d6a elementor-widget elementor-widget-heading\" data-id=\"b6a6d6a\" data-element_type=\"widget\" data-widget_type=\"heading.default\">\n\t\t\t\t<div class=\"elementor-widget-container\">\n\t\t\t\t\t<h1 class=\"elementor-heading-title elementor-size-default\">Kontakt oss\n<\/h1>\t\t\t\t<\/div>\n\t\t\t\t<\/div>\n\t\t\t\t\t<\/div>\n\t\t\t\t<\/div>\n\t\t<div class=\"elementor-element elementor-element-5aecc62 e-flex e-con-boxed e-con e-parent\" data-id=\"5aecc62\" data-element_type=\"container\">\n\t\t\t\t\t<div class=\"e-con-inner\">\n\t\t<div class=\"elementor-element elementor-element-f9014b3 e-con-full e-flex e-con e-child\" data-id=\"f9014b3\" data-element_type=\"container\" data-settings=\"{&quot;background_background&quot;:&quot;classic&quot;}\">\n\t\t\t\t<div class=\"elementor-element elementor-element-d671b4e elementor-widget elementor-widget-heading\" data-id=\"d671b4e\" data-element_type=\"widget\" data-widget_type=\"heading.default\">\n\t\t\t\t<div class=\"elementor-widget-container\">\n\t\t\t\t\t<h2 class=\"elementor-heading-title elementor-size-default\">Kom i Kontakt\n<\/h2>\t\t\t\t<\/div>\n\t\t\t\t<\/div>\n\t\t\t\t<div class=\"elementor-element elementor-element-4771bfe elementor-widget elementor-widget-text-editor\" data-id=\"4771bfe\" data-element_type=\"widget\" data-widget_type=\"text-editor.default\">\n\t\t\t\t<div class=\"elementor-widget-container\">\n\t\t\t\t\t\t\t\t\t<p>Kom i Kontakt\nDin mening er viktig for oss! Vennligst fyll ut skjemaet nedenfor for \u00e5 dele dine tanker, forslag eller eventuelle problemer du m\u00e5tte ha opplevd. Vi jobber hver dag for \u00e5 forbedre oss og gi den beste opplevelsen for v\u00e5re verdsatte kunder.<\/p>\t\t\t\t\t\t\t\t<\/div>\n\t\t\t\t<\/div>\n\t\t\t\t<div class=\"elementor-element elementor-element-bb4e892 elementor-icon-list--layout-traditional elementor-list-item-link-full_width elementor-widget elementor-widget-icon-list\" data-id=\"bb4e892\" data-element_type=\"widget\" data-widget_type=\"icon-list.default\">\n\t\t\t\t<div class=\"elementor-widget-container\">\n\t\t\t\t\t\t\t<ul class=\"elementor-icon-list-items\">\n\t\t\t\t\t\t\t<li class=\"elementor-icon-list-item\">\n\t\t\t\t\t\t\t\t\t\t\t<a href=\"mailto:caylos@caylos.no\">\n\n\t\t\t\t\t\t\t\t\t\t\t\t<span class=\"elementor-icon-list-icon\">\n\t\t\t\t\t\t\t<svg aria-hidden=\"true\" class=\"e-font-icon-svg e-far-envelope\" viewbox=\"0 0 512 512\" xmlns=\"http:\/\/www.w3.org\/2000\/svg\"><path d=\"M464 64H48C21.49 64 0 85.49 0 112v288c0 26.51 21.49 48 48 48h416c26.51 0 48-21.49 48-48V112c0-26.51-21.49-48-48-48zm0 48v40.805c-22.422 18.259-58.168 46.651-134.587 106.49-16.841 13.247-50.201 45.072-73.413 44.701-23.208.375-56.579-31.459-73.413-44.701C106.18 199.465 70.425 171.067 48 152.805V112h416zM48 400V214.398c22.914 18.251 55.409 43.862 104.938 82.646 21.857 17.205 60.134 55.186 103.062 54.955 42.717.231 80.509-37.199 103.053-54.947 49.528-38.783 82.032-64.401 104.947-82.653V400H48z\"><\/path><\/svg>\t\t\t\t\t\t<\/span>\n\t\t\t\t\t\t\t\t\t\t<span class=\"elementor-icon-list-text\">caylos@caylos.no<\/span>\n\t\t\t\t\t\t\t\t\t\t\t<\/a>\n\t\t\t\t\t\t\t\t\t<\/li>\n\t\t\t\t\t\t<\/ul>\n\t\t\t\t\t\t<\/div>\n\t\t\t\t<\/div>\n\t\t\t\t<\/div>\n\t\t<div class=\"elementor-element elementor-element-a1a58f9 e-con-full e-flex e-con e-child\" data-id=\"a1a58f9\" data-element_type=\"container\" data-settings=\"{&quot;background_background&quot;:&quot;classic&quot;}\">\n\t\t\t\t<div class=\"elementor-element elementor-element-4d8ca4a work_form elementor-widget elementor-widget-wpforms\" data-id=\"4d8ca4a\" data-element_type=\"widget\" data-widget_type=\"wpforms.default\">\n\t\t\t\t<div class=\"elementor-widget-container\">\n\t\t\t\t\t<style id=\"wpforms-css-vars-root\">\n\t\t\t\t:root {\n\t\t\t\t\t--wpforms-field-border-radius: 3px;\n--wpforms-field-border-style: solid;\n--wpforms-field-border-size: 1px;\n--wpforms-field-background-color: #ffffff;\n--wpforms-field-border-color: rgba( 0, 0, 0, 0.25 );\n--wpforms-field-border-color-spare: rgba( 0, 0, 0, 0.25 );\n--wpforms-field-text-color: rgba( 0, 0, 0, 0.7 );\n--wpforms-field-menu-color: #ffffff;\n--wpforms-label-color: rgba( 0, 0, 0, 0.85 );\n--wpforms-label-sublabel-color: rgba( 0, 0, 0, 0.55 );\n--wpforms-label-error-color: #d63637;\n--wpforms-button-border-radius: 3px;\n--wpforms-button-border-style: none;\n--wpforms-button-border-size: 1px;\n--wpforms-button-background-color: #066aab;\n--wpforms-button-border-color: #066aab;\n--wpforms-button-text-color: #ffffff;\n--wpforms-page-break-color: #066aab;\n--wpforms-background-image: none;\n--wpforms-background-position: center center;\n--wpforms-background-repeat: no-repeat;\n--wpforms-background-size: cover;\n--wpforms-background-width: 100px;\n--wpforms-background-height: 100px;\n--wpforms-background-color: rgba( 0, 0, 0, 0 );\n--wpforms-background-url: none;\n--wpforms-container-padding: 0px;\n--wpforms-container-border-style: none;\n--wpforms-container-border-width: 1px;\n--wpforms-container-border-color: #000000;\n--wpforms-container-border-radius: 3px;\n--wpforms-field-size-input-height: 43px;\n--wpforms-field-size-input-spacing: 15px;\n--wpforms-field-size-font-size: 16px;\n--wpforms-field-size-line-height: 19px;\n--wpforms-field-size-padding-h: 14px;\n--wpforms-field-size-checkbox-size: 16px;\n--wpforms-field-size-sublabel-spacing: 5px;\n--wpforms-field-size-icon-size: 1;\n--wpforms-label-size-font-size: 16px;\n--wpforms-label-size-line-height: 19px;\n--wpforms-label-size-sublabel-font-size: 14px;\n--wpforms-label-size-sublabel-line-height: 17px;\n--wpforms-button-size-font-size: 17px;\n--wpforms-button-size-height: 41px;\n--wpforms-button-size-padding-h: 15px;\n--wpforms-button-size-margin-top: 10px;\n--wpforms-container-shadow-size-box-shadow: none;\n\n\t\t\t\t}\n\t\t\t<\/style><style id=\"wpforms-css-vars-elementor-widget-4d8ca4a\">\n\t\t\t\t.elementor-widget-wpforms.elementor-element-4d8ca4a {\n\t\t\t\t\t--wpforms-field-size-input-height: 43px;\n--wpforms-field-size-input-spacing: 15px;\n--wpforms-field-size-font-size: 16px;\n--wpforms-field-size-line-height: 19px;\n--wpforms-field-size-padding-h: 14px;\n--wpforms-field-size-checkbox-size: 16px;\n--wpforms-field-size-sublabel-spacing: 5px;\n--wpforms-field-size-icon-size: 1;\n--wpforms-label-size-font-size: 16px;\n--wpforms-label-size-line-height: 19px;\n--wpforms-label-size-sublabel-font-size: 14px;\n--wpforms-label-size-sublabel-line-height: 17px;\n--wpforms-button-size-font-size: 17px;\n--wpforms-button-size-height: 41px;\n--wpforms-button-size-padding-h: 15px;\n--wpforms-button-size-margin-top: 10px;\n\n\t\t\t\t}\n\t\t\t<\/style><div class=\"wpforms-container wpforms-container-full wpforms-render-modern\" id=\"wpforms-529\"><form id=\"wpforms-form-529\" class=\"wpforms-validate wpforms-form wpforms-ajax-form\" data-formid=\"529\" method=\"post\" enctype=\"multipart\/form-data\" action=\"\/nn\/wp-json\/wp\/v2\/pages\/21\" data-token=\"86ce3056e0a892f3a6478f1880f4b558\" data-token-time=\"1777507285\" data-trp-original-action=\"\/nn\/wp-json\/wp\/v2\/pages\/21\"><noscript class=\"wpforms-error-noscript\">Please enable JavaScript in your browser to complete this form.<\/noscript><div class=\"wpforms-hidden\" id=\"wpforms-error-noscript\">Please enable JavaScript in your browser to complete this form.<\/div><div class=\"wpforms-field-container\"><div id=\"wpforms-529-field_4-container\" class=\"wpforms-field wpforms-field-layout\" data-field-id=\"4\"><div class=\"wpforms-field-layout-rows wpforms-field-large\"><div class=\"wpforms-layout-row\"><div class=\"wpforms-layout-column wpforms-layout-column-50\"><div id=\"wpforms-529-field_5-container\" class=\"wpforms-field wpforms-field-name\" data-field-id=\"5\"><label class=\"wpforms-field-label wpforms-label-hide\" for=\"wpforms-529-field_5\" aria-hidden=\"false\">Navn <span class=\"wpforms-required-label\" aria-hidden=\"true\">*<\/span><\/label><input type=\"text\" id=\"wpforms-529-field_5\" class=\"wpforms-field-medium wpforms-field-required\" name=\"wpforms[fields][5]\" placeholder=\"Fornavn\" aria-errormessage=\"wpforms-529-field_5-error\" required><\/div><\/div><div class=\"wpforms-layout-column wpforms-layout-column-50\"><div id=\"wpforms-529-field_13-container\" class=\"wpforms-field wpforms-field-text\" data-field-id=\"13\"><label class=\"wpforms-field-label wpforms-label-hide\" for=\"wpforms-529-field_13\" aria-hidden=\"false\">Etternavn<\/label><input type=\"text\" id=\"wpforms-529-field_13\" class=\"wpforms-field-medium\" name=\"wpforms[fields][13]\" placeholder=\"Etternavn\" aria-errormessage=\"wpforms-529-field_13-error\" ><\/div><\/div><\/div><div class=\"wpforms-layout-row\"><div class=\"wpforms-layout-column wpforms-layout-column-50\"><div id=\"wpforms-529-field_2-container\" class=\"wpforms-field wpforms-field-email\" data-field-id=\"2\"><label class=\"wpforms-field-label wpforms-label-hide\" for=\"wpforms-529-field_2\" aria-hidden=\"false\">E-post <span class=\"wpforms-required-label\" aria-hidden=\"true\">*<\/span><\/label><input type=\"email\" id=\"wpforms-529-field_2\" class=\"wpforms-field-medium wpforms-field-required\" name=\"wpforms[fields][2]\" placeholder=\"E-post\" spellcheck=\"false\" aria-errormessage=\"wpforms-529-field_2-error\" required><\/div><\/div><div class=\"wpforms-layout-column wpforms-layout-column-50\"><div id=\"wpforms-529-field_14-container\" class=\"wpforms-field wpforms-field-phone\" data-field-id=\"14\"><label class=\"wpforms-field-label wpforms-label-hide\" for=\"wpforms-529-field_14\" aria-hidden=\"false\">Telefon<\/label><input type=\"tel\" id=\"wpforms-529-field_14\" class=\"wpforms-field-medium wpforms-smart-phone-field\" data-rule-smart-phone-field=\"true\" name=\"wpforms[fields][14]\" placeholder=\"Contact No\" aria-label=\"Telefon\" aria-errormessage=\"wpforms-529-field_14-error\" ><\/div><\/div><\/div><\/div><\/div><div id=\"wpforms-529-field_17-container\" class=\"wpforms-field wpforms-field-text\" data-field-id=\"17\"><label class=\"wpforms-field-label wpforms-label-hide\" for=\"wpforms-529-field_17\" aria-hidden=\"false\">Emne *<\/label><input type=\"text\" id=\"wpforms-529-field_17\" class=\"wpforms-field-large\" name=\"wpforms[fields][17]\" placeholder=\"Emne *\" aria-errormessage=\"wpforms-529-field_17-error\" ><\/div><div id=\"wpforms-529-field_18-container\" class=\"wpforms-field wpforms-field-textarea\" data-field-id=\"18\"><label class=\"wpforms-field-label wpforms-label-hide\" for=\"wpforms-529-field_18\" aria-hidden=\"false\">Din melding * <\/label><textarea id=\"wpforms-529-field_18\" class=\"wpforms-field-medium\" name=\"wpforms[fields][18]\" placeholder=\"Din melding * \" aria-errormessage=\"wpforms-529-field_18-error\" ><\/textarea><\/div><div id=\"wpforms-529-field_10-container\" class=\"wpforms-field wpforms-field-captcha\" data-field-id=\"10\"><label class=\"wpforms-field-label\" for=\"wpforms-529-field_10\">Svar p\u00e5 sikkerhetssp\u00f8rsm\u00e5let <span class=\"wpforms-required-label\" aria-hidden=\"true\">*<\/span><\/label>\t\t\t<div class=\"wpforms-captcha-math\">\n\t\t\t\t<span id=\"wpforms-529-field_10-question\" class=\"wpforms-captcha-equation\">\n\t\t\t\t\t<span class=\"n1\">6<\/span>\n\t\t\t\t\t\t\t<span class=\"cal\">+<\/span>\n\t\t\t\t\t\t\t<span class=\"n2\">10<\/span>\t\t\t\t\t<span class=\"e\">=<\/span>\n\t\t\t\t<\/span>\n\t\t\t\t<input type=\"text\" id=\"wpforms-529-field_10\" class=\"wpforms-field-medium wpforms-field-required a\" data-rule-wpf-captcha=\"math\" data-is-wrapped-field=\"1\" name=\"wpforms[fields][10][a]\" aria-errormessage=\"wpforms-529-field_10-error\" aria-describedby=\"wpforms-529-field_10-question\" required>\t\t\t\t<input type=\"hidden\" name=\"wpforms[fields][10][cal]\" class=\"cal\">\n\t\t\t\t<input type=\"hidden\" name=\"wpforms[fields][10][n2]\" class=\"n2\">\n\t\t\t\t<input type=\"hidden\" name=\"wpforms[fields][10][n1]\" class=\"n1\">\n\t\t\t<\/div>\n\t\t\t<\/div><\/div><!-- .wpforms-field-container --><div class=\"wpforms-recaptcha-container wpforms-is-recaptcha wpforms-is-recaptcha-type-v3\" ><input type=\"hidden\" name=\"wpforms[recaptcha]\" value=\"\"><\/div><div class=\"wpforms-submit-container\" ><input type=\"hidden\" name=\"wpforms[id]\" value=\"529\"><input type=\"hidden\" name=\"page_title\" value=\"\"><input type=\"hidden\" name=\"page_url\" value=\"https:\/\/caylos.com\/nn\/wp-json\/wp\/v2\/pages\/21\"><button type=\"submit\" name=\"wpforms[submit]\" id=\"wpforms-submit-529\" class=\"wpforms-submit\" data-alt-text=\"Sending...\" data-submit-text=\"Submit\" aria-live=\"assertive\" value=\"wpforms-submit\">Send inn<\/button><img decoding=\"async\" src=\"https:\/\/caylos.com\/wp-content\/plugins\/wpforms\/assets\/images\/submit-spin.svg\" class=\"wpforms-submit-spinner\" style=\"display: none;\" width=\"26\" height=\"26\" alt=\"Loading\"><\/div><input type=\"hidden\" name=\"trp-form-language\" value=\"nn\"\/><\/form><\/div>  <!-- .wpforms-container -->\t\t\t\t<\/div>\n\t\t\t\t<\/div>\n\t\t\t\t<\/div>\n\t\t\t\t\t<\/div>\n\t\t\t\t<\/div>\n\t\t\t\t<\/div>","protected":false},"excerpt":{"rendered":"<p>Contact Us Get in Touch Your opinion matters to us! Please feel free to fill out the form below to share your thoughts, suggestions, or any issues you may have encountered. We strive to improve every day and provide the best experience for our valued customers. caylos@caylos.no Please enable JavaScript in your browser to complete [&hellip;]<\/p>","protected":false},"author":1,"featured_media":0,"parent":0,"menu_order":0,"comment_status":"closed","ping_status":"closed","template":"","meta":{"footnotes":""},"class_list":["post-21","page","type-page","status-publish","hentry"],"yoast_head":"<!-- This site is optimized with the Yoast SEO plugin v25.7 - https:\/\/yoast.com\/wordpress\/plugins\/seo\/ -->\n<title>Contact Caylo&#039;s - Get in Touch for Chicken Burger Inquiries<\/title>\n<meta name=\"description\" content=\"Have a question or want to reach Caylo&#039;s? Contact us today for inquiries about our chicken burgers, broasted chicken, franchise opportunities, or restaurant locations. We&#039;re here to help!\" \/>\n<meta name=\"robots\" content=\"index, follow, max-snippet:-1, max-image-preview:large, max-video-preview:-1\" \/>\n<link rel=\"canonical\" href=\"https:\/\/caylos.com\/nn\/contact-us\/\" \/>\n<meta property=\"og:locale\" content=\"nn_NO\" \/>\n<meta property=\"og:type\" content=\"article\" \/>\n<meta property=\"og:title\" content=\"Contact Caylo&#039;s - Get in Touch for Chicken Burger Inquiries\" \/>\n<meta property=\"og:description\" content=\"Have a question or want to reach Caylo&#039;s? Contact us today for inquiries about our chicken burgers, broasted chicken, franchise opportunities, or restaurant locations. We&#039;re here to help!\" \/>\n<meta property=\"og:url\" content=\"https:\/\/caylos.com\/nn\/contact-us\/\" \/>\n<meta property=\"og:site_name\" content=\"caylos\" \/>\n<meta property=\"article:modified_time\" content=\"2025-08-23T11:48:57+00:00\" \/>\n<meta property=\"og:image\" content=\"https:\/\/caylos.com\/wp-content\/uploads\/2025\/04\/new-burger.png\" \/>\n\t<meta property=\"og:image:width\" content=\"800\" \/>\n\t<meta property=\"og:image:height\" content=\"800\" \/>\n\t<meta property=\"og:image:type\" content=\"image\/png\" \/>\n<meta name=\"twitter:card\" content=\"summary_large_image\" \/>\n<meta name=\"twitter:title\" content=\"Contact Caylo&#039;s - Get in Touch for Chicken Burger Inquiries\" \/>\n<meta name=\"twitter:description\" content=\"Have a question or want to reach Caylo&#039;s? Contact us today for inquiries about our chicken burgers, broasted chicken, franchise opportunities, or restaurant locations. We&#039;re here to help!\" \/>\n<meta name=\"twitter:image\" content=\"https:\/\/caylos.com\/wp-content\/uploads\/2025\/04\/new-burger.png\" \/>\n<meta name=\"twitter:label1\" content=\"Est. reading time\" \/>\n\t<meta name=\"twitter:data1\" content=\"1 minutt\" \/>\n<script type=\"application\/ld+json\" class=\"yoast-schema-graph\">{\"@context\":\"https:\/\/schema.org\",\"@graph\":[{\"@type\":\"WebPage\",\"@id\":\"https:\/\/caylos.com\/contact-us\/\",\"url\":\"https:\/\/caylos.com\/contact-us\/\",\"name\":\"Contact Caylo's - Get in Touch for Chicken Burger Inquiries\",\"isPartOf\":{\"@id\":\"https:\/\/caylos.com\/#website\"},\"primaryImageOfPage\":{\"@id\":\"https:\/\/caylos.com\/contact-us\/#primaryimage\"},\"image\":{\"@id\":\"https:\/\/caylos.com\/contact-us\/#primaryimage\"},\"thumbnailUrl\":\"https:\/\/caylos.com\/wp-content\/plugins\/wpforms\/assets\/images\/submit-spin.svg\",\"datePublished\":\"2025-03-19T09:46:28+00:00\",\"dateModified\":\"2025-08-23T11:48:57+00:00\",\"description\":\"Have a question or want to reach Caylo's? Contact us today for inquiries about our chicken burgers, broasted chicken, franchise opportunities, or restaurant locations. We're here to help!\",\"breadcrumb\":{\"@id\":\"https:\/\/caylos.com\/contact-us\/#breadcrumb\"},\"inLanguage\":\"nn-NO\",\"potentialAction\":[{\"@type\":\"ReadAction\",\"target\":[\"https:\/\/caylos.com\/contact-us\/\"]}]},{\"@type\":\"ImageObject\",\"inLanguage\":\"nn-NO\",\"@id\":\"https:\/\/caylos.com\/contact-us\/#primaryimage\",\"url\":\"https:\/\/caylos.com\/wp-content\/plugins\/wpforms\/assets\/images\/submit-spin.svg\",\"contentUrl\":\"https:\/\/caylos.com\/wp-content\/plugins\/wpforms\/assets\/images\/submit-spin.svg\"},{\"@type\":\"BreadcrumbList\",\"@id\":\"https:\/\/caylos.com\/contact-us\/#breadcrumb\",\"itemListElement\":[{\"@type\":\"ListItem\",\"position\":1,\"name\":\"Home\",\"item\":\"https:\/\/caylos.com\/\"},{\"@type\":\"ListItem\",\"position\":2,\"name\":\"Contact Us\"}]},{\"@type\":\"WebSite\",\"@id\":\"https:\/\/caylos.com\/#website\",\"url\":\"https:\/\/caylos.com\/\",\"name\":\"caylos\",\"description\":\"\",\"potentialAction\":[{\"@type\":\"SearchAction\",\"target\":{\"@type\":\"EntryPoint\",\"urlTemplate\":\"https:\/\/caylos.com\/?s={search_term_string}\"},\"query-input\":{\"@type\":\"PropertyValueSpecification\",\"valueRequired\":true,\"valueName\":\"search_term_string\"}}],\"inLanguage\":\"nn-NO\"}]}<\/script>\n<!-- \/ Yoast SEO plugin. -->","yoast_head_json":{"title":"Kontakt Caylo's \u2013 Sp\u00f8rsm\u00e5l om Kyllingburgere og Mer","description":"Har du sp\u00f8rsm\u00e5l eller vil komme i kontakt med Caylo's? Ta kontakt for alt om kyllingburgere, broasted kylling, franchise eller restaurantsteder. Vi hjelper deg gjerne!","robots":{"index":"index","follow":"follow","max-snippet":"max-snippet:-1","max-image-preview":"max-image-preview:large","max-video-preview":"max-video-preview:-1"},"canonical":"https:\/\/caylos.com\/nn\/contact-us\/","og_locale":"nn_NO","og_type":"article","og_title":"Contact Caylo's - Get in Touch for Chicken Burger Inquiries","og_description":"Have a question or want to reach Caylo's? Contact us today for inquiries about our chicken burgers, broasted chicken, franchise opportunities, or restaurant locations. We're here to help!","og_url":"https:\/\/caylos.com\/nn\/contact-us\/","og_site_name":"caylos","article_modified_time":"2025-08-23T11:48:57+00:00","og_image":[{"width":800,"height":800,"url":"https:\/\/caylos.com\/wp-content\/uploads\/2025\/04\/new-burger.png","type":"image\/png"}],"twitter_card":"summary_large_image","twitter_title":"Contact Caylo's - Get in Touch for Chicken Burger Inquiries","twitter_description":"Have a question or want to reach Caylo's? Contact us today for inquiries about our chicken burgers, broasted chicken, franchise opportunities, or restaurant locations. We're here to help!","twitter_image":"https:\/\/caylos.com\/wp-content\/uploads\/2025\/04\/new-burger.png","twitter_misc":{"Est. reading time":"1 minutt"},"schema":{"@context":"https:\/\/schema.org","@graph":[{"@type":"WebPage","@id":"https:\/\/caylos.com\/contact-us\/","url":"https:\/\/caylos.com\/contact-us\/","name":"Kontakt Caylo's \u2013 Sp\u00f8rsm\u00e5l om Kyllingburgere og Mer","isPartOf":{"@id":"https:\/\/caylos.com\/#website"},"primaryImageOfPage":{"@id":"https:\/\/caylos.com\/contact-us\/#primaryimage"},"image":{"@id":"https:\/\/caylos.com\/contact-us\/#primaryimage"},"thumbnailUrl":"https:\/\/caylos.com\/wp-content\/plugins\/wpforms\/assets\/images\/submit-spin.svg","datePublished":"2025-03-19T09:46:28+00:00","dateModified":"2025-08-23T11:48:57+00:00","description":"Har du sp\u00f8rsm\u00e5l eller vil komme i kontakt med Caylo's? Ta kontakt for alt om kyllingburgere, broasted kylling, franchise eller restaurantsteder. Vi hjelper deg gjerne!","breadcrumb":{"@id":"https:\/\/caylos.com\/contact-us\/#breadcrumb"},"inLanguage":"nn-NO","potentialAction":[{"@type":"ReadAction","target":["https:\/\/caylos.com\/contact-us\/"]}]},{"@type":"ImageObject","inLanguage":"nn-NO","@id":"https:\/\/caylos.com\/contact-us\/#primaryimage","url":"https:\/\/caylos.com\/wp-content\/plugins\/wpforms\/assets\/images\/submit-spin.svg","contentUrl":"https:\/\/caylos.com\/wp-content\/plugins\/wpforms\/assets\/images\/submit-spin.svg"},{"@type":"BreadcrumbList","@id":"https:\/\/caylos.com\/contact-us\/#breadcrumb","itemListElement":[{"@type":"ListItem","position":1,"name":"Home","item":"https:\/\/caylos.com\/"},{"@type":"ListItem","position":2,"name":"Contact Us"}]},{"@type":"WebSite","@id":"https:\/\/caylos.com\/#website","url":"https:\/\/caylos.com\/","name":"caylos","description":"","potentialAction":[{"@type":"SearchAction","target":{"@type":"EntryPoint","urlTemplate":"https:\/\/caylos.com\/?s={search_term_string}"},"query-input":{"@type":"PropertyValueSpecification","valueRequired":true,"valueName":"search_term_string"}}],"inLanguage":"nn-NO"}]}},"_links":{"self":[{"href":"https:\/\/caylos.com\/nn\/wp-json\/wp\/v2\/pages\/21","targetHints":{"allow":["GET"]}}],"collection":[{"href":"https:\/\/caylos.com\/nn\/wp-json\/wp\/v2\/pages"}],"about":[{"href":"https:\/\/caylos.com\/nn\/wp-json\/wp\/v2\/types\/page"}],"author":[{"embeddable":true,"href":"https:\/\/caylos.com\/nn\/wp-json\/wp\/v2\/users\/1"}],"replies":[{"embeddable":true,"href":"https:\/\/caylos.com\/nn\/wp-json\/wp\/v2\/comments?post=21"}],"version-history":[{"count":0,"href":"https:\/\/caylos.com\/nn\/wp-json\/wp\/v2\/pages\/21\/revisions"}],"wp:attachment":[{"href":"https:\/\/caylos.com\/nn\/wp-json\/wp\/v2\/media?parent=21"}],"curies":[{"name":"wp","href":"https:\/\/api.w.org\/{rel}","templated":true}]}}